{"id":489,"date":"2017-07-17T01:17:24","date_gmt":"2017-07-17T01:17:24","guid":{"rendered":"https:\/\/demo.harutheme.com\/circle\/?page_id=489"},"modified":"2024-11-28T13:17:22","modified_gmt":"2024-11-28T13:17:22","slug":"contact-us","status":"publish","type":"page","link":"https:\/\/loovweddingfilms.com\/?page_id=489","title":{"rendered":"Contact Us"},"content":{"rendered":"<div class=\"wpb-content-wrapper\"><p>[vc_row parallax=\u00bbcontent-moving-fade\u00bb parallax_image=\u00bb3287&#8243; css=\u00bb.vc_custom_1732799809598{padding-top: 8% !important;padding-bottom: 6% !important;}\u00bb][vc_column][vc_row_inner][vc_column_inner][vc_custom_heading heading_style=\u00bbheading_style_1&#8243; text=\u00bb\u00bfQuieres hablar con nosotros?\u00bb font_container=\u00bbtag:h2|text_align:center|color:%23ffffff\u00bb use_theme_fonts=\u00bbyes\u00bb][vc_custom_heading heading_style=\u00bbsub_heading_style_1&#8243; text=\u00bbEstaremos encantados de tener una reuni\u00f3n contigo.\u00bb font_container=\u00bbtag:h2|text_align:center\u00bb use_theme_fonts=\u00bbyes\u00bb][\/vc_column_inner][\/vc_row_inner][\/vc_column][\/vc_row][vc_row full_width=\u00bbstretch_row_content_no_spaces\u00bb css=\u00bb.vc_custom_1732704329903{background-color: #ffffff !important;}\u00bb][vc_column width=\u00bb1\/4&#8243;][\/vc_column][vc_column width=\u00bb1\/2&#8243;][vc_column_text]<div class=\"forminator-ui forminator-custom-form forminator-custom-form-3278 forminator-design--material  forminator_ajax\" data-forminator-render=\"0\" data-form=\"forminator-module-3278\" data-uid=\"69f0f68d2494b\"><br\/><\/div><form\n\t\t\t\tid=\"forminator-module-3278\"\n\t\t\t\tclass=\"forminator-ui forminator-custom-form forminator-custom-form-3278 forminator-design--material  forminator_ajax\"\n\t\t\t\tmethod=\"post\"\n\t\t\t\tdata-forminator-render=\"0\"\n\t\t\t\tdata-form-id=\"3278\"\n\t\t\t\t\n\t\t\t\tdata-design=\"material\"\n\t\t\t\t\n\t\t\t\t\n\t\t\t\t\n\t\t\t\tdata-grid=\"open\"\n\t\t\t\t\n\t\t\t\t\n\t\t\t\tstyle=\"display: none;\"\n\t\t\t\t\n\t\t\t\tdata-uid=\"69f0f68d2494b\"\n\t\t\t><div role=\"alert\" aria-live=\"polite\" class=\"forminator-response-message forminator-error\" aria-hidden=\"true\"><\/div><div class=\"forminator-row\"><div id=\"name-1\" class=\"forminator-field-name forminator-col forminator-col-12 \"><div class=\"forminator-field\"><label for=\"forminator-field-name-1_69f0f68d2494b\" id=\"forminator-field-name-1_69f0f68d2494b-label\" class=\"forminator-label\">Vuestros Nombres <span class=\"forminator-required\">*<\/span><\/label><input type=\"text\" name=\"name-1\" value=\"\" placeholder=\"Ejemplo: Juan P\u00e9rez\" id=\"forminator-field-name-1_69f0f68d2494b\" class=\"forminator-input forminator-name--field\" aria-required=\"true\" \/><\/div><\/div><\/div><div class=\"forminator-row\"><div id=\"email-1\" class=\"forminator-field-email forminator-col forminator-col-12 \"><div class=\"forminator-field\"><label for=\"forminator-field-email-1_69f0f68d2494b\" id=\"forminator-field-email-1_69f0f68d2494b-label\" class=\"forminator-label\">Correo electr\u00f3nico <span class=\"forminator-required\">*<\/span><\/label><input type=\"email\" name=\"email-1\" value=\"\" placeholder=\"Ej . : john@doe.com\" id=\"forminator-field-email-1_69f0f68d2494b\" class=\"forminator-input forminator-email--field\" data-required=\"1\" aria-required=\"true\" \/><\/div><\/div><\/div><div class=\"forminator-row\"><div id=\"phone-1\" class=\"forminator-field-phone forminator-col forminator-col-12 \"><div class=\"forminator-field\"><label for=\"forminator-field-phone-1_69f0f68d2494b\" id=\"forminator-field-phone-1_69f0f68d2494b-label\" class=\"forminator-label\">Tel\u00e9fono de contacto <span class=\"forminator-required\">*<\/span><\/label><input type=\"text\" name=\"phone-1\" value=\"\" placeholder=\"Ejemplo: +34 000 00 00 00\" id=\"forminator-field-phone-1_69f0f68d2494b\" class=\"forminator-input forminator-field--phone\" data-required=\"1\" aria-required=\"true\" autocomplete=\"off\" \/><\/div><\/div><\/div><div class=\"forminator-row\"><div id=\"date-1\" class=\"forminator-field-date forminator-col forminator-col-6 \"><div class=\"forminator-field\"><label for=\"forminator-field-date-1-picker_69f0f68d2494b\" id=\"forminator-field-date-1-picker_69f0f68d2494b-label\" class=\"forminator-label\">Fecha de la boda<\/label><div class=\"forminator-input-with-icon\"><span class=\"forminator-icon-calendar\" aria-hidden=\"true\"><\/span><input autocomplete=\"off\" type=\"text\" size=\"1\" name=\"date-1\" value=\"\" placeholder=\"Elegir fecha\" id=\"forminator-field-date-1-picker_69f0f68d2494b\" class=\"forminator-input forminator-datepicker\" data-required=\"\" data-format=\"mm\/dd\/yy\" data-restrict-type=\"\" data-restrict=\"\" data-start-year=\"1926\" data-end-year=\"2126\" data-past-dates=\"enable\" data-start-of-week=\"1\" data-start-date=\"\" data-end-date=\"\" data-start-field=\"\" data-end-field=\"\" data-start-offset=\"\" data-end-offset=\"\" data-disable-date=\"\" data-disable-range=\"\" \/><\/div><\/div><\/div><div id=\"text-3\" class=\"forminator-field-text forminator-col forminator-col-6 \"><div class=\"forminator-field\"><label for=\"forminator-field-text-3_69f0f68d2494b\" id=\"forminator-field-text-3_69f0f68d2494b-label\" class=\"forminator-label\">N\u00ba de Invitados<\/label><input type=\"text\" name=\"text-3\" value=\"\" placeholder=\"Ejemplo: texto de marcador de posici\u00f3n\" id=\"forminator-field-text-3_69f0f68d2494b\" class=\"forminator-input forminator-name--field\" data-required=\"\" \/><\/div><\/div><\/div><div class=\"forminator-row\"><div id=\"text-1\" class=\"forminator-field-text forminator-col forminator-col-6 \"><div class=\"forminator-field\"><label for=\"forminator-field-text-1_69f0f68d2494b\" id=\"forminator-field-text-1_69f0f68d2494b-label\" class=\"forminator-label\">Lugar ceremonia<\/label><input type=\"text\" name=\"text-1\" value=\"\" placeholder=\"\" id=\"forminator-field-text-1_69f0f68d2494b\" class=\"forminator-input forminator-name--field\" data-required=\"\" \/><\/div><\/div><div id=\"text-2\" class=\"forminator-field-text forminator-col forminator-col-6 \"><div class=\"forminator-field\"><label for=\"forminator-field-text-2_69f0f68d2494b\" id=\"forminator-field-text-2_69f0f68d2494b-label\" class=\"forminator-label\">Lugar celebraci\u00f3n<\/label><input type=\"text\" name=\"text-2\" value=\"\" placeholder=\"\" id=\"forminator-field-text-2_69f0f68d2494b\" class=\"forminator-input forminator-name--field\" data-required=\"\" \/><\/div><\/div><\/div><div class=\"forminator-row\"><div id=\"checkbox-1\" class=\"forminator-field-checkbox forminator-col forminator-col-6 \"><div role=\"group\" class=\"forminator-field\" aria-labelledby=\"forminator-checkbox-group-69f0f68d2494b-label\"><span id=\"forminator-checkbox-group-69f0f68d2494b-label\" class=\"forminator-label\">\u00bfC\u00f3mo nos has conocido?<\/span><label id=\"forminator-field-checkbox-1-1-69f0f68d2494b-label\" for=\"forminator-field-checkbox-1-1-69f0f68d2494b\" class=\"forminator-checkbox\" title=\"Google\"><input type=\"checkbox\" name=\"checkbox-1[]\" value=\"one\" id=\"forminator-field-checkbox-1-1-69f0f68d2494b\" aria-labelledby=\"forminator-field-checkbox-1-1-69f0f68d2494b-label\" data-calculation=\"0\"   data-hidden-behavior=\"zero\"\/><span class=\"forminator-checkbox-box\" aria-hidden=\"true\"><\/span><span class=\"forminator-checkbox-label\">Google<\/span><\/label><label id=\"forminator-field-checkbox-1-2-69f0f68d2494b-label\" for=\"forminator-field-checkbox-1-2-69f0f68d2494b\" class=\"forminator-checkbox\" title=\"Instagram\"><input type=\"checkbox\" name=\"checkbox-1[]\" value=\"two\" id=\"forminator-field-checkbox-1-2-69f0f68d2494b\" aria-labelledby=\"forminator-field-checkbox-1-2-69f0f68d2494b-label\" data-calculation=\"0\"   data-hidden-behavior=\"zero\"\/><span class=\"forminator-checkbox-box\" aria-hidden=\"true\"><\/span><span class=\"forminator-checkbox-label\">Instagram<\/span><\/label><label id=\"forminator-field-checkbox-1-3-69f0f68d2494b-label\" for=\"forminator-field-checkbox-1-3-69f0f68d2494b\" class=\"forminator-checkbox\" title=\"Bodas.net\"><input type=\"checkbox\" name=\"checkbox-1[]\" value=\"Bodas.net\" id=\"forminator-field-checkbox-1-3-69f0f68d2494b\" aria-labelledby=\"forminator-field-checkbox-1-3-69f0f68d2494b-label\" data-calculation=\"0\"   data-hidden-behavior=\"zero\"\/><span class=\"forminator-checkbox-box\" aria-hidden=\"true\"><\/span><span class=\"forminator-checkbox-label\">Bodas.net<\/span><\/label><label id=\"forminator-field-checkbox-1-4-69f0f68d2494b-label\" for=\"forminator-field-checkbox-1-4-69f0f68d2494b\" class=\"forminator-checkbox\" title=\"Otros\"><input type=\"checkbox\" name=\"checkbox-1[]\" value=\"Otros\" id=\"forminator-field-checkbox-1-4-69f0f68d2494b\" aria-labelledby=\"forminator-field-checkbox-1-4-69f0f68d2494b-label\" data-calculation=\"0\"   data-hidden-behavior=\"zero\"\/><span class=\"forminator-checkbox-box\" aria-hidden=\"true\"><\/span><span class=\"forminator-checkbox-label\">Otros<\/span><\/label><\/div><\/div><div id=\"checkbox-2\" class=\"forminator-field-checkbox forminator-col forminator-col-6 \"><div role=\"group\" class=\"forminator-field\" aria-labelledby=\"forminator-checkbox-group-69f0f68d2494b-label\"><span id=\"forminator-checkbox-group-69f0f68d2494b-label\" class=\"forminator-label\">\u00bfEn qu\u00e9 servici\u00f3 est\u00e1is interesados?<\/span><label id=\"forminator-field-checkbox-2-1-69f0f68d2494b-label\" for=\"forminator-field-checkbox-2-1-69f0f68d2494b\" class=\"forminator-checkbox\" title=\"Foto\"><input type=\"checkbox\" name=\"checkbox-2[]\" value=\"one\" id=\"forminator-field-checkbox-2-1-69f0f68d2494b\" aria-labelledby=\"forminator-field-checkbox-2-1-69f0f68d2494b-label\" data-calculation=\"0\"   data-hidden-behavior=\"zero\"\/><span class=\"forminator-checkbox-box\" aria-hidden=\"true\"><\/span><span class=\"forminator-checkbox-label\">Foto<\/span><\/label><label id=\"forminator-field-checkbox-2-2-69f0f68d2494b-label\" for=\"forminator-field-checkbox-2-2-69f0f68d2494b\" class=\"forminator-checkbox\" title=\"Video\"><input type=\"checkbox\" name=\"checkbox-2[]\" value=\"two\" id=\"forminator-field-checkbox-2-2-69f0f68d2494b\" aria-labelledby=\"forminator-field-checkbox-2-2-69f0f68d2494b-label\" data-calculation=\"0\"   data-hidden-behavior=\"zero\"\/><span class=\"forminator-checkbox-box\" aria-hidden=\"true\"><\/span><span class=\"forminator-checkbox-label\">Video<\/span><\/label><label id=\"forminator-field-checkbox-2-3-69f0f68d2494b-label\" for=\"forminator-field-checkbox-2-3-69f0f68d2494b\" class=\"forminator-checkbox\" title=\"Video y Foto\"><input type=\"checkbox\" name=\"checkbox-2[]\" value=\"Bodas.net\" id=\"forminator-field-checkbox-2-3-69f0f68d2494b\" aria-labelledby=\"forminator-field-checkbox-2-3-69f0f68d2494b-label\" data-calculation=\"0\"   data-hidden-behavior=\"zero\"\/><span class=\"forminator-checkbox-box\" aria-hidden=\"true\"><\/span><span class=\"forminator-checkbox-label\">Video y Foto<\/span><\/label><\/div><\/div><\/div><div class=\"forminator-row\"><div id=\"textarea-1\" class=\"forminator-field-textarea forminator-col forminator-col-12 \"><div class=\"forminator-field\"><label for=\"forminator-field-textarea-1_69f0f68d2494b\" id=\"forminator-field-textarea-1_69f0f68d2494b-label\" class=\"forminator-label\">Contadnos los detalles e ideas de vuestra boda, para nosotr@s es muy importante <span class=\"forminator-required\">*<\/span><\/label><textarea name=\"textarea-1\" placeholder=\"\" id=\"forminator-field-textarea-1_69f0f68d2494b\" class=\"forminator-textarea\" rows=\"6\" style=\"min-height:140px;\" ><\/textarea><\/div><\/div><\/div><input type=\"hidden\" name=\"referer_url\" value=\"\" \/><div class=\"forminator-row forminator-row-last\"><div class=\"forminator-col\"><div class=\"forminator-field\"><button class=\"forminator-button forminator-button-submit\"><span>ENVIAR<\/span><span aria-hidden=\"true\"><\/span><\/button><\/div><\/div><\/div><input type=\"hidden\" id=\"forminator_nonce\" name=\"forminator_nonce\" value=\"e74ac759b9\" \/><input type=\"hidden\" name=\"_wp_http_referer\" value=\"\/index.php?rest_route=%2Fwp%2Fv2%2Fpages%2F489\" \/><input type=\"hidden\" name=\"form_id\" value=\"3278\"><input type=\"hidden\" name=\"page_id\" value=\"489\"><input type=\"hidden\" name=\"form_type\" value=\"default\"><input type=\"hidden\" name=\"current_url\" value=\"https:\/\/loovweddingfilms.com\/?page_id=489\"><input type=\"hidden\" name=\"render_id\" value=\"0\"><input type=\"hidden\" name=\"action\" value=\"forminator_submit_form_custom-forms\"><\/form>[\/vc_column_text][\/vc_column][vc_column width=\u00bb1\/4&#8243;][\/vc_column][\/vc_row]<\/p>\n<\/div>","protected":false},"excerpt":{"rendered":"<p>[vc_row parallax=\u00bbcontent-moving-fade\u00bb parallax_image=\u00bb3287&#8243; css=\u00bb.vc_custom_1732799809598{padding-top: 8% !important;padding-bottom: 6% !important;}\u00bb][vc_column][vc_row_inner][vc_column_inner][vc_custom_heading heading_style=\u00bbheading_style_1&#8243; text=\u00bb\u00bfQuieres hablar con nosotros?\u00bb font_container=\u00bbtag:h2|text_align:center|color:%23ffffff\u00bb use_theme_fonts=\u00bbyes\u00bb][vc_custom_heading heading_style=\u00bbsub_heading_style_1&#8243; text=\u00bbEstaremos encantados de tener una reuni\u00f3n contigo.\u00bb font_container=\u00bbtag:h2|text_align:center\u00bb use_theme_fonts=\u00bbyes\u00bb][\/vc_column_inner][\/vc_row_inner][\/vc_column][\/vc_row][vc_row full_width=\u00bbstretch_row_content_no_spaces\u00bb css=\u00bb.vc_custom_1732704329903{background-color: #ffffff !important;}\u00bb][vc_column width=\u00bb1\/4&#8243;][\/vc_column][vc_column width=\u00bb1\/2&#8243;][vc_column_text][\/vc_column_text][\/vc_column][vc_column width=\u00bb1\/4&#8243;][\/vc_column][\/vc_row]<\/p>\n","protected":false},"author":2,"featured_media":0,"parent":0,"menu_order":0,"comment_status":"closed","ping_status":"closed","template":"","meta":{"footnotes":""},"class_list":["post-489","page","type-page","status-publish","hentry","clearfix"],"_links":{"self":[{"href":"https:\/\/loovweddingfilms.com\/index.php?rest_route=\/wp\/v2\/pages\/489","targetHints":{"allow":["GET"]}}],"collection":[{"href":"https:\/\/loovweddingfilms.com\/index.php?rest_route=\/wp\/v2\/pages"}],"about":[{"href":"https:\/\/loovweddingfilms.com\/index.php?rest_route=\/wp\/v2\/types\/page"}],"author":[{"embeddable":true,"href":"https:\/\/loovweddingfilms.com\/index.php?rest_route=\/wp\/v2\/users\/2"}],"replies":[{"embeddable":true,"href":"https:\/\/loovweddingfilms.com\/index.php?rest_route=%2Fwp%2Fv2%2Fcomments&post=489"}],"version-history":[{"count":15,"href":"https:\/\/loovweddingfilms.com\/index.php?rest_route=\/wp\/v2\/pages\/489\/revisions"}],"predecessor-version":[{"id":3298,"href":"https:\/\/loovweddingfilms.com\/index.php?rest_route=\/wp\/v2\/pages\/489\/revisions\/3298"}],"wp:attachment":[{"href":"https:\/\/loovweddingfilms.com\/index.php?rest_route=%2Fwp%2Fv2%2Fmedia&parent=489"}],"curies":[{"name":"wp","href":"https:\/\/api.w.org\/{rel}","templated":true}]}}