{"id":2889,"date":"2024-04-01T21:15:09","date_gmt":"2024-04-01T21:15:09","guid":{"rendered":"https:\/\/3blocksproductions.com\/?page_id=2889"},"modified":"2024-12-23T11:30:23","modified_gmt":"2024-12-23T11:30:23","slug":"grabacion-con-drones","status":"publish","type":"page","link":"https:\/\/loovweddingfilms.com\/?page_id=2889","title":{"rendered":"Drone"},"content":{"rendered":"<div class=\"wpb-content-wrapper\"><p>[vc_row][vc_column width=\u00bb1\/4&#8243;][\/vc_column][vc_column width=\u00bb1\/2&#8243;][vc_custom_heading heading_style=\u00bbheading_style_1&#8243; text=\u00bbDRONE\u00bb font_container=\u00bbtag:h1|font_size:30|text_align:left|color:%230a0a0a\u00bb google_fonts=\u00bbfont_family:Roboto%3A100%2C100italic%2C300%2C300italic%2Cregular%2Citalic%2C500%2C500italic%2C700%2C700italic%2C900%2C900italic|font_style:700%20bold%20regular%3A700%3Anormal\u00bb][vc_custom_heading text=\u00bbOfrecemos fotograf\u00eda y videograf\u00eda a\u00e9rea para bodas, capturando momentos especiales desde una perspectiva \u00fanica. Utilizamos drones de \u00faltima tecnolog\u00eda para obtener im\u00e1genes y videos de alta calidad, desde la ceremonia hasta la recepci\u00f3n. Cumplimos con todas las normativas exigidas por AESA y EASA, y contamos con los permisos necesarios para garantizar un servicio seguro y profesional. La combinaci\u00f3n de vistas a\u00e9reas y equipos en tierra har\u00e1 que tu boda sea a\u00fan m\u00e1s memorable. \u00a1Sorprende a tus invitados con tomas espectaculares!\u00bb font_container=\u00bbtag:h2|font_size:18|text_align:justify|color:%230a0a0a|line_height:1.5&#8243; google_fonts=\u00bbfont_family:Roboto%3A100%2C100italic%2C300%2C300italic%2Cregular%2Citalic%2C500%2C500italic%2C700%2C700italic%2C900%2C900italic|font_style:400%20regular%3A400%3Anormal\u00bb][vc_separator color=\u00bbwhite\u00bb][\/vc_column][vc_column width=\u00bb1\/4&#8243;][\/vc_column][\/vc_row][vc_row][vc_column offset=\u00bbvc_hidden-xs\u00bb]                        <div class=\"  \">\n                <div class=\"footer-gallery-shortcode-wrapper style_1 \">\n    <div class=\"footer-gallery-content\">\n        <ul class=\"image-list columns-3\">\n                                                    <li>\n                        <img decoding=\"async\" src=\"https:\/\/loovweddingfilms.com\/wp-content\/uploads\/2024\/12\/DRONE_01-scaled.jpg\" alt=\"\">\n                    <\/li>\n                                                                        <li>\n                        <img decoding=\"async\" src=\"https:\/\/loovweddingfilms.com\/wp-content\/uploads\/2024\/12\/5.1_MONENTOS_A_SOLAS-.00_08_15_24.Imagen-fija001-2-scaled.jpg\" alt=\"\">\n                    <\/li>\n                                                                        <li>\n                        <img decoding=\"async\" src=\"https:\/\/loovweddingfilms.com\/wp-content\/uploads\/2024\/12\/DRONE_04-scaled.jpg\" alt=\"\">\n                    <\/li>\n                                        <\/ul>\n    <\/div>\n<\/div>            <\/div>\n                    [\/vc_column][\/vc_row][vc_row][vc_column offset=\u00bbvc_hidden-lg vc_hidden-md vc_hidden-sm\u00bb][vc_single_image image=\u00bb2883&#8243; img_size=\u00bbfull\u00bb][vc_single_image image=\u00bb2884&#8243; img_size=\u00bbfull\u00bb][vc_single_image image=\u00bb2885&#8243; img_size=\u00bbfull\u00bb][\/vc_column][\/vc_row]<\/p>\n<\/div>","protected":false},"excerpt":{"rendered":"<p>[vc_row][vc_column width=\u00bb1\/4&#8243;][\/vc_column][vc_column width=\u00bb1\/2&#8243;][vc_custom_heading heading_style=\u00bbheading_style_1&#8243; text=\u00bbDRONE\u00bb font_container=\u00bbtag:h1|font_size:30|text_align:left|color:%230a0a0a\u00bb google_fonts=\u00bbfont_family:Roboto%3A100%2C100italic%2C300%2C300italic%2Cregular%2Citalic%2C500%2C500italic%2C700%2C700italic%2C900%2C900italic|font_style:700%20bold%20regular%3A700%3Anormal\u00bb][vc_custom_heading text=\u00bbOfrecemos fotograf\u00eda y videograf\u00eda a\u00e9rea para bodas, capturando momentos especiales desde una perspectiva \u00fanica. Utilizamos drones de \u00faltima tecnolog\u00eda para obtener im\u00e1genes y videos de alta calidad, desde la ceremonia hasta la recepci\u00f3n. Cumplimos con todas las normativas exigidas por AESA y EASA, y contamos con los permisos [&hellip;]<\/p>\n","protected":false},"author":2,"featured_media":0,"parent":0,"menu_order":0,"comment_status":"closed","ping_status":"closed","template":"","meta":{"footnotes":""},"class_list":["post-2889","page","type-page","status-publish","hentry","clearfix"],"_links":{"self":[{"href":"https:\/\/loovweddingfilms.com\/index.php?rest_route=\/wp\/v2\/pages\/2889","targetHints":{"allow":["GET"]}}],"collection":[{"href":"https:\/\/loovweddingfilms.com\/index.php?rest_route=\/wp\/v2\/pages"}],"about":[{"href":"https:\/\/loovweddingfilms.com\/index.php?rest_route=\/wp\/v2\/types\/page"}],"author":[{"embeddable":true,"href":"https:\/\/loovweddingfilms.com\/index.php?rest_route=\/wp\/v2\/users\/2"}],"replies":[{"embeddable":true,"href":"https:\/\/loovweddingfilms.com\/index.php?rest_route=%2Fwp%2Fv2%2Fcomments&post=2889"}],"version-history":[{"count":16,"href":"https:\/\/loovweddingfilms.com\/index.php?rest_route=\/wp\/v2\/pages\/2889\/revisions"}],"predecessor-version":[{"id":3778,"href":"https:\/\/loovweddingfilms.com\/index.php?rest_route=\/wp\/v2\/pages\/2889\/revisions\/3778"}],"wp:attachment":[{"href":"https:\/\/loovweddingfilms.com\/index.php?rest_route=%2Fwp%2Fv2%2Fmedia&parent=2889"}],"curies":[{"name":"wp","href":"https:\/\/api.w.org\/{rel}","templated":true}]}}